{"id":1458,"date":"2021-07-03T17:59:16","date_gmt":"2021-07-03T17:59:16","guid":{"rendered":"https:\/\/argentaseeds.com\/productos\/sweet-corn\/"},"modified":"2021-08-03T11:46:21","modified_gmt":"2021-08-03T11:46:21","slug":"maiz-dulce","status":"publish","type":"page","link":"https:\/\/argentaseeds.com\/es\/productos\/maiz-dulce\/","title":{"rendered":"Ma\u00edz dulce"},"content":{"rendered":"\t\t<div data-elementor-type=\"wp-page\" data-elementor-id=\"1458\" class=\"elementor elementor-1458 elementor-858\" data-elementor-post-type=\"page\">\n\t\t\t\t\t\t<section class=\"elementor-section elementor-top-section elementor-element elementor-element-9c2ef7e elementor-section-full_width elementor-section-height-min-height elementor-section-height-default elementor-section-items-middle elementor-invisible\" data-id=\"9c2ef7e\" data-element_type=\"section\" data-settings=\"{&quot;background_background&quot;:&quot;classic&quot;,&quot;animation&quot;:&quot;fadeIn&quot;}\">\n\t\t\t\t\t\t<div class=\"elementor-container elementor-column-gap-default\">\n\t\t\t\t\t<div class=\"elementor-column elementor-col-50 elementor-top-column elementor-element elementor-element-8aa72ec elementor-hidden-phone\" data-id=\"8aa72ec\" data-element_type=\"column\">\n\t\t\t<div class=\"elementor-widget-wrap\">\n\t\t\t\t\t\t\t<\/div>\n\t\t<\/div>\n\t\t\t\t<div class=\"elementor-column elementor-col-50 elementor-top-column elementor-element elementor-element-6e4bae52 corner1\" data-id=\"6e4bae52\" data-element_type=\"column\" data-settings=\"{&quot;background_background&quot;:&quot;classic&quot;}\">\n\t\t\t<div class=\"elementor-widget-wrap elementor-element-populated\">\n\t\t\t\t\t\t<div class=\"elementor-element elementor-element-65c242e4 elementor-widget__width-auto elementor-widget elementor-widget-heading\" data-id=\"65c242e4\" data-element_type=\"widget\" data-widget_type=\"heading.default\">\n\t\t\t\t<div class=\"elementor-widget-container\">\n\t\t\t\t\t<div class=\"elementor-heading-title elementor-size-default\"><a href=\"https:\/\/argentaseeds.com\/es\/productos\/\">PRODUCTOS<\/a><\/div>\t\t\t\t<\/div>\n\t\t\t\t<\/div>\n\t\t\t\t<div class=\"elementor-element elementor-element-9e23963 elementor-widget__width-auto elementor-widget elementor-widget-heading\" data-id=\"9e23963\" data-element_type=\"widget\" data-widget_type=\"heading.default\">\n\t\t\t\t<div class=\"elementor-widget-container\">\n\t\t\t\t\t<div class=\"elementor-heading-title elementor-size-default\">-<\/div>\t\t\t\t<\/div>\n\t\t\t\t<\/div>\n\t\t\t\t<div class=\"elementor-element elementor-element-cceb8eb elementor-widget__width-auto elementor-widget elementor-widget-heading\" data-id=\"cceb8eb\" data-element_type=\"widget\" data-widget_type=\"heading.default\">\n\t\t\t\t<div class=\"elementor-widget-container\">\n\t\t\t\t\t<div class=\"elementor-heading-title elementor-size-default\">Ma\u00edz dulce<\/div>\t\t\t\t<\/div>\n\t\t\t\t<\/div>\n\t\t\t\t\t<\/div>\n\t\t<\/div>\n\t\t\t\t\t<\/div>\n\t\t<\/section>\n\t\t\t\t<section class=\"elementor-section elementor-top-section elementor-element elementor-element-845a2ad elementor-section-full_width elementor-section-height-default elementor-section-height-default\" data-id=\"845a2ad\" data-element_type=\"section\" data-settings=\"{&quot;background_background&quot;:&quot;classic&quot;}\">\n\t\t\t\t\t\t\t<div class=\"elementor-background-overlay\"><\/div>\n\t\t\t\t\t\t\t<div class=\"elementor-container elementor-column-gap-default\">\n\t\t\t\t\t<div class=\"elementor-column elementor-col-100 elementor-top-column elementor-element elementor-element-3c1697e\" data-id=\"3c1697e\" data-element_type=\"column\">\n\t\t\t<div class=\"elementor-widget-wrap elementor-element-populated\">\n\t\t\t\t\t\t<section class=\"elementor-section elementor-inner-section elementor-element elementor-element-2c493a6 elementor-section-boxed elementor-section-height-default elementor-section-height-default\" data-id=\"2c493a6\" data-element_type=\"section\">\n\t\t\t\t\t\t<div class=\"elementor-container elementor-column-gap-default\">\n\t\t\t\t\t<div class=\"raven-column-link elementor-column elementor-col-16 elementor-inner-column elementor-element elementor-element-4950023\" data-raven-link=\"#fondilo\" data-raven-link-target=\"_self\" data-id=\"4950023\" data-element_type=\"column\">\n\t\t\t<div class=\"elementor-widget-wrap elementor-element-populated\">\n\t\t\t\t\t\t<div class=\"elementor-element elementor-element-7fb047b3 corner2 elementor-widget elementor-widget-image\" data-id=\"7fb047b3\" data-element_type=\"widget\" data-widget_type=\"image.default\">\n\t\t\t\t<div class=\"elementor-widget-container\">\n\t\t\t\t\t\t\t\t\t\t\t\t\t\t\t<img fetchpriority=\"high\" decoding=\"async\" width=\"500\" height=\"500\" src=\"https:\/\/argentaseeds.com\/wp-content\/uploads\/Fondilo-500x500.jpg\" class=\"attachment-Image Size 500x500 size-Image Size 500x500 wp-image-1250\" alt=\"\" srcset=\"https:\/\/argentaseeds.com\/wp-content\/uploads\/Fondilo-500x500.jpg 500w, https:\/\/argentaseeds.com\/wp-content\/uploads\/Fondilo-300x300.jpg 300w, https:\/\/argentaseeds.com\/wp-content\/uploads\/Fondilo-150x150.jpg 150w, https:\/\/argentaseeds.com\/wp-content\/uploads\/Fondilo-768x768.jpg 768w, https:\/\/argentaseeds.com\/wp-content\/uploads\/Fondilo-700x700.jpg 700w, https:\/\/argentaseeds.com\/wp-content\/uploads\/Fondilo-600x600.jpg 600w, https:\/\/argentaseeds.com\/wp-content\/uploads\/Fondilo-100x100.jpg 100w, https:\/\/argentaseeds.com\/wp-content\/uploads\/Fondilo.jpg 1000w\" sizes=\"(max-width: 500px) 100vw, 500px\" \/>\t\t\t\t\t\t\t\t\t\t\t\t\t\t\t<\/div>\n\t\t\t\t<\/div>\n\t\t\t\t<div class=\"elementor-element elementor-element-2b322352 elementor-widget elementor-widget-heading\" data-id=\"2b322352\" data-element_type=\"widget\" data-widget_type=\"heading.default\">\n\t\t\t\t<div class=\"elementor-widget-container\">\n\t\t\t\t\t<h3 class=\"elementor-heading-title elementor-size-default\">Ma\u00edz dulce Fondilo F1<\/h3>\t\t\t\t<\/div>\n\t\t\t\t<\/div>\n\t\t\t\t\t<\/div>\n\t\t<\/div>\n\t\t\t\t<div class=\"raven-column-link elementor-column elementor-col-16 elementor-inner-column elementor-element elementor-element-efe1a5a\" data-raven-link=\"#rida\" data-raven-link-target=\"_self\" data-id=\"efe1a5a\" data-element_type=\"column\">\n\t\t\t<div class=\"elementor-widget-wrap\">\n\t\t\t\t\t\t\t<\/div>\n\t\t<\/div>\n\t\t\t\t<div class=\"raven-column-link elementor-column elementor-col-16 elementor-inner-column elementor-element elementor-element-f43f7f6\" data-raven-link=\"#maurizio\" data-raven-link-target=\"_self\" data-id=\"f43f7f6\" data-element_type=\"column\">\n\t\t\t<div class=\"elementor-widget-wrap\">\n\t\t\t\t\t\t\t<\/div>\n\t\t<\/div>\n\t\t\t\t<div class=\"raven-column-link elementor-column elementor-col-16 elementor-inner-column elementor-element elementor-element-7d047d0\" data-raven-link=\"#tigrimini\" data-raven-link-target=\"_self\" data-id=\"7d047d0\" data-element_type=\"column\">\n\t\t\t<div class=\"elementor-widget-wrap\">\n\t\t\t\t\t\t\t<\/div>\n\t\t<\/div>\n\t\t\t\t<div class=\"raven-column-link elementor-column elementor-col-16 elementor-inner-column elementor-element elementor-element-2d9b8ec\" data-raven-link=\"#wm1911\" data-raven-link-target=\"_self\" data-id=\"2d9b8ec\" data-element_type=\"column\">\n\t\t\t<div class=\"elementor-widget-wrap\">\n\t\t\t\t\t\t\t<\/div>\n\t\t<\/div>\n\t\t\t\t<div class=\"raven-column-link elementor-column elementor-col-16 elementor-inner-column elementor-element elementor-element-573978c\" data-raven-link=\"#napoleon\" data-raven-link-target=\"_self\" data-id=\"573978c\" data-element_type=\"column\">\n\t\t\t<div class=\"elementor-widget-wrap\">\n\t\t\t\t\t\t\t<\/div>\n\t\t<\/div>\n\t\t\t\t\t<\/div>\n\t\t<\/section>\n\t\t\t\t<section class=\"elementor-section elementor-inner-section elementor-element elementor-element-ecc8798 elementor-section-content-middle elementor-section-boxed elementor-section-height-default elementor-section-height-default\" data-id=\"ecc8798\" data-element_type=\"section\" id=\"fondilo\">\n\t\t\t\t\t\t<div class=\"elementor-container elementor-column-gap-default\">\n\t\t\t\t\t<div class=\"elementor-column elementor-col-50 elementor-inner-column elementor-element elementor-element-bb5929d\" data-id=\"bb5929d\" data-element_type=\"column\">\n\t\t\t<div class=\"elementor-widget-wrap elementor-element-populated\">\n\t\t\t\t\t\t<div class=\"elementor-element elementor-element-d11c352 corner2 elementor-widget elementor-widget-image\" data-id=\"d11c352\" data-element_type=\"widget\" data-widget_type=\"image.default\">\n\t\t\t\t<div class=\"elementor-widget-container\">\n\t\t\t\t\t\t\t\t\t\t\t\t\t\t\t\t<a href=\"https:\/\/argentaseeds.com\/wp-content\/uploads\/Fondilo.jpg\" data-elementor-open-lightbox=\"yes\" data-elementor-lightbox-title=\"Fondilo\" data-e-action-hash=\"#elementor-action%3Aaction%3Dlightbox%26settings%3DeyJpZCI6MTI1MCwidXJsIjoiaHR0cHM6XC9cL2FyZ2VudGFzZWVkcy5jb21cL3dwLWNvbnRlbnRcL3VwbG9hZHNcL0ZvbmRpbG8uanBnIn0%3D\">\n\t\t\t\t\t\t\t<img fetchpriority=\"high\" decoding=\"async\" width=\"500\" height=\"500\" src=\"https:\/\/argentaseeds.com\/wp-content\/uploads\/Fondilo-500x500.jpg\" class=\"attachment-Image Size 500x500 size-Image Size 500x500 wp-image-1250\" alt=\"\" srcset=\"https:\/\/argentaseeds.com\/wp-content\/uploads\/Fondilo-500x500.jpg 500w, https:\/\/argentaseeds.com\/wp-content\/uploads\/Fondilo-300x300.jpg 300w, https:\/\/argentaseeds.com\/wp-content\/uploads\/Fondilo-150x150.jpg 150w, https:\/\/argentaseeds.com\/wp-content\/uploads\/Fondilo-768x768.jpg 768w, https:\/\/argentaseeds.com\/wp-content\/uploads\/Fondilo-700x700.jpg 700w, https:\/\/argentaseeds.com\/wp-content\/uploads\/Fondilo-600x600.jpg 600w, https:\/\/argentaseeds.com\/wp-content\/uploads\/Fondilo-100x100.jpg 100w, https:\/\/argentaseeds.com\/wp-content\/uploads\/Fondilo.jpg 1000w\" sizes=\"(max-width: 500px) 100vw, 500px\" \/>\t\t\t\t\t\t\t\t<\/a>\n\t\t\t\t\t\t\t\t\t\t\t\t\t\t\t<\/div>\n\t\t\t\t<\/div>\n\t\t\t\t\t<\/div>\n\t\t<\/div>\n\t\t\t\t<div class=\"elementor-column elementor-col-50 elementor-inner-column elementor-element elementor-element-80b280f\" data-id=\"80b280f\" data-element_type=\"column\">\n\t\t\t<div class=\"elementor-widget-wrap elementor-element-populated\">\n\t\t\t\t\t\t<div class=\"elementor-element elementor-element-22a08dd elementor-widget elementor-widget-heading\" data-id=\"22a08dd\" data-element_type=\"widget\" data-widget_type=\"heading.default\">\n\t\t\t\t<div class=\"elementor-widget-container\">\n\t\t\t\t\t<h3 class=\"elementor-heading-title elementor-size-default\">Ma\u00edz dulce Fondilo F1<\/h3>\t\t\t\t<\/div>\n\t\t\t\t<\/div>\n\t\t\t\t<div class=\"elementor-element elementor-element-e3838ea elementor-widget elementor-widget-text-editor\" data-id=\"e3838ea\" data-element_type=\"widget\" data-widget_type=\"text-editor.default\">\n\t\t\t\t<div class=\"elementor-widget-container\">\n\t\t\t\t\t\t\t\t\t<p>Fondilo F1 es una variedad de ma\u00edz dulce medianamente temprana. 76 d\u00edas de crecimiento en USA. S\u00faper dulce. <strong>Mazorcas largas y bien rellenas.<\/strong> Longitud media de la mazorca: 20-22 cm; Di\u00e1metro medio de la mazorca: 4,5-5 cm. N\u00famero de hileras: 16-18.<\/p><p>Resistencias: HR: Roya (RP1-d) y StewartsWilt; IR: NorthernCornLeafBlight.<\/p>\t\t\t\t\t\t\t\t<\/div>\n\t\t\t\t<\/div>\n\t\t\t\t\t<\/div>\n\t\t<\/div>\n\t\t\t\t\t<\/div>\n\t\t<\/section>\n\t\t\t\t\t<\/div>\n\t\t<\/div>\n\t\t\t\t\t<\/div>\n\t\t<\/section>\n\t\t\t\t<section class=\"elementor-section elementor-top-section elementor-element elementor-element-9d5ace2 elementor-section-full_width elementor-section-height-default elementor-section-height-default\" data-id=\"9d5ace2\" data-element_type=\"section\">\n\t\t\t\t\t\t<div class=\"elementor-container elementor-column-gap-default\">\n\t\t\t\t\t<div class=\"elementor-column elementor-col-100 elementor-top-column elementor-element elementor-element-ea9ade1\" data-id=\"ea9ade1\" data-element_type=\"column\">\n\t\t\t<div class=\"elementor-widget-wrap elementor-element-populated\">\n\t\t\t\t\t\t<div class=\"elementor-element elementor-element-57c69c9 elementor-widget elementor-widget-template\" data-id=\"57c69c9\" data-element_type=\"widget\" data-widget_type=\"template.default\">\n\t\t\t\t<div class=\"elementor-widget-container\">\n\t\t\t\t\t\t\t<div class=\"elementor-template\">\n\t\t\t\t\t<div data-elementor-type=\"section\" data-elementor-id=\"1357\" class=\"elementor elementor-1357 elementor-442\" data-elementor-post-type=\"elementor_library\">\n\t\t\t\t\t<section class=\"elementor-section elementor-top-section elementor-element elementor-element-5c6d391b elementor-section-full_width elementor-section-height-default elementor-section-height-default elementor-invisible\" data-id=\"5c6d391b\" data-element_type=\"section\" data-settings=\"{&quot;animation&quot;:&quot;fadeIn&quot;}\">\n\t\t\t\t\t\t\t<div class=\"elementor-background-overlay\"><\/div>\n\t\t\t\t\t\t\t<div class=\"elementor-container elementor-column-gap-default\">\n\t\t\t\t\t<div class=\"elementor-column elementor-col-100 elementor-top-column elementor-element elementor-element-475350be\" data-id=\"475350be\" data-element_type=\"column\">\n\t\t\t<div class=\"elementor-widget-wrap elementor-element-populated\">\n\t\t\t\t\t\t<section class=\"elementor-section elementor-inner-section elementor-element elementor-element-18e738c2 elementor-section-full_width elementor-section-height-default elementor-section-height-default\" data-id=\"18e738c2\" data-element_type=\"section\">\n\t\t\t\t\t\t<div class=\"elementor-container elementor-column-gap-default\">\n\t\t\t\t\t<div class=\"elementor-column elementor-col-50 elementor-inner-column elementor-element elementor-element-301f149e\" data-id=\"301f149e\" data-element_type=\"column\">\n\t\t\t<div class=\"elementor-widget-wrap\">\n\t\t\t\t\t\t\t<\/div>\n\t\t<\/div>\n\t\t\t\t<div class=\"elementor-column elementor-col-50 elementor-inner-column elementor-element elementor-element-cf20bc9\" data-id=\"cf20bc9\" data-element_type=\"column\" data-settings=\"{&quot;background_background&quot;:&quot;classic&quot;}\">\n\t\t\t<div class=\"elementor-widget-wrap elementor-element-populated\">\n\t\t\t\t\t\t<div class=\"elementor-element elementor-element-1aa8b327 nosaltos elementor-widget elementor-widget-heading\" data-id=\"1aa8b327\" data-element_type=\"widget\" data-widget_type=\"heading.default\">\n\t\t\t\t<div class=\"elementor-widget-container\">\n\t\t\t\t\t<h3 class=\"elementor-heading-title elementor-size-default\">ADVERTENCIA<\/h3>\t\t\t\t<\/div>\n\t\t\t\t<\/div>\n\t\t\t\t<div class=\"elementor-element elementor-element-786eddee elementor-widget elementor-widget-text-editor\" data-id=\"786eddee\" data-element_type=\"widget\" data-widget_type=\"text-editor.default\">\n\t\t\t\t<div class=\"elementor-widget-container\">\n\t\t\t\t\t\t\t\t\tArgenta Seeds no asume responsabilidad alguna sobre la base de este tipo de informaci\u00f3n por resultados desviados en el producto cultivado. Todas nuestras condiciones de venta y entrega se pueden encontrar en nuestra p\u00e1gina web: www.argentaseeds.nl\t\t\t\t\t\t\t\t<\/div>\n\t\t\t\t<\/div>\n\t\t\t\t\t<\/div>\n\t\t<\/div>\n\t\t\t\t\t<\/div>\n\t\t<\/section>\n\t\t\t\t<section class=\"elementor-section elementor-inner-section elementor-element elementor-element-40424b77 elementor-section-full_width elementor-section-height-default elementor-section-height-default\" data-id=\"40424b77\" data-element_type=\"section\">\n\t\t\t\t\t\t<div class=\"elementor-container elementor-column-gap-default\">\n\t\t\t\t\t<div class=\"elementor-column elementor-col-50 elementor-inner-column elementor-element elementor-element-768c0345\" data-id=\"768c0345\" data-element_type=\"column\">\n\t\t\t<div class=\"elementor-widget-wrap elementor-element-populated\">\n\t\t\t\t\t\t<div class=\"elementor-element elementor-element-2cfb5b3f corner2 elementor-widget elementor-widget-image\" data-id=\"2cfb5b3f\" data-element_type=\"widget\" data-widget_type=\"image.default\">\n\t\t\t\t<div class=\"elementor-widget-container\">\n\t\t\t\t\t\t\t\t\t\t\t\t\t\t\t<img decoding=\"async\" width=\"1000\" height=\"381\" src=\"https:\/\/argentaseeds.com\/wp-content\/uploads\/disclaimer.jpg\" class=\"attachment-full size-full wp-image-1062\" alt=\"\" srcset=\"https:\/\/argentaseeds.com\/wp-content\/uploads\/disclaimer.jpg 1000w, https:\/\/argentaseeds.com\/wp-content\/uploads\/disclaimer-300x114.jpg 300w, https:\/\/argentaseeds.com\/wp-content\/uploads\/disclaimer-768x293.jpg 768w, https:\/\/argentaseeds.com\/wp-content\/uploads\/disclaimer-600x229.jpg 600w\" sizes=\"(max-width: 1000px) 100vw, 1000px\" \/>\t\t\t\t\t\t\t\t\t\t\t\t\t\t\t<\/div>\n\t\t\t\t<\/div>\n\t\t\t\t\t<\/div>\n\t\t<\/div>\n\t\t\t\t<div class=\"elementor-column elementor-col-50 elementor-inner-column elementor-element elementor-element-7cf06122\" data-id=\"7cf06122\" data-element_type=\"column\">\n\t\t\t<div class=\"elementor-widget-wrap\">\n\t\t\t\t\t\t\t<\/div>\n\t\t<\/div>\n\t\t\t\t\t<\/div>\n\t\t<\/section>\n\t\t\t\t\t<\/div>\n\t\t<\/div>\n\t\t\t\t\t<\/div>\n\t\t<\/section>\n\t\t\t\t<\/div>\n\t\t\t\t<\/div>\n\t\t\t\t\t\t<\/div>\n\t\t\t\t<\/div>\n\t\t\t\t\t<\/div>\n\t\t<\/div>\n\t\t\t\t\t<\/div>\n\t\t<\/section>\n\t\t\t\t<\/div>\n\t\t","protected":false},"excerpt":{"rendered":"<p>PRODUCTOS &#8211; Ma\u00edz dulce Ma\u00edz dulce Fondilo F1 Ma\u00edz dulce Fondilo F1 Fondilo F1 es una variedad de ma\u00edz dulce medianamente temprana. 76 d\u00edas de crecimiento en USA. S\u00faper dulce. Mazorcas largas y bien rellenas. Longitud media de la mazorca: 20-22 cm; Di\u00e1metro medio de la mazorca: 4,5-5 cm. N\u00famero de hileras: 16-18. Resistencias: HR: [&hellip;]<\/p>\n","protected":false},"author":1,"featured_media":0,"parent":1348,"menu_order":0,"comment_status":"closed","ping_status":"closed","template":"elementor_header_footer","meta":{"footnotes":""},"class_list":["post-1458","page","type-page","status-publish","hentry"],"acf":[],"yoast_head":"<!-- This site is optimized with the Yoast SEO plugin v25.1 - https:\/\/yoast.com\/wordpress\/plugins\/seo\/ -->\n<title>Ma\u00edz dulce - Argenta Seeds<\/title>\n<meta name=\"robots\" content=\"index, follow, max-snippet:-1, max-image-preview:large, max-video-preview:-1\" \/>\n<link rel=\"canonical\" href=\"https:\/\/argentaseeds.com\/es\/productos\/maiz-dulce\/\" \/>\n<meta property=\"og:locale\" content=\"es_ES\" \/>\n<meta property=\"og:type\" content=\"article\" \/>\n<meta property=\"og:title\" content=\"Ma\u00edz dulce - Argenta Seeds\" \/>\n<meta property=\"og:description\" content=\"PRODUCTOS &#8211; Ma\u00edz dulce Ma\u00edz dulce Fondilo F1 Ma\u00edz dulce Fondilo F1 Fondilo F1 es una variedad de ma\u00edz dulce medianamente temprana. 76 d\u00edas de crecimiento en USA. S\u00faper dulce. Mazorcas largas y bien rellenas. Longitud media de la mazorca: 20-22 cm; Di\u00e1metro medio de la mazorca: 4,5-5 cm. N\u00famero de hileras: 16-18. Resistencias: HR: [&hellip;]\" \/>\n<meta property=\"og:url\" content=\"https:\/\/argentaseeds.com\/es\/productos\/maiz-dulce\/\" \/>\n<meta property=\"og:site_name\" content=\"Argenta Seeds\" \/>\n<meta property=\"article:modified_time\" content=\"2021-08-03T11:46:21+00:00\" \/>\n<meta property=\"og:image\" content=\"https:\/\/argentaseeds.com\/wp-content\/uploads\/Fondilo-500x500.jpg\" \/>\n<meta name=\"twitter:card\" content=\"summary_large_image\" \/>\n<script type=\"application\/ld+json\" class=\"yoast-schema-graph\">{\"@context\":\"https:\/\/schema.org\",\"@graph\":[{\"@type\":\"WebPage\",\"@id\":\"https:\/\/argentaseeds.com\/es\/productos\/maiz-dulce\/\",\"url\":\"https:\/\/argentaseeds.com\/es\/productos\/maiz-dulce\/\",\"name\":\"Ma\u00edz dulce - Argenta Seeds\",\"isPartOf\":{\"@id\":\"https:\/\/argentaseeds.com\/#website\"},\"primaryImageOfPage\":{\"@id\":\"https:\/\/argentaseeds.com\/es\/productos\/maiz-dulce\/#primaryimage\"},\"image\":{\"@id\":\"https:\/\/argentaseeds.com\/es\/productos\/maiz-dulce\/#primaryimage\"},\"thumbnailUrl\":\"https:\/\/argentaseeds.com\/wp-content\/uploads\/Fondilo-500x500.jpg\",\"datePublished\":\"2021-07-03T17:59:16+00:00\",\"dateModified\":\"2021-08-03T11:46:21+00:00\",\"breadcrumb\":{\"@id\":\"https:\/\/argentaseeds.com\/es\/productos\/maiz-dulce\/#breadcrumb\"},\"inLanguage\":\"es\",\"potentialAction\":[{\"@type\":\"ReadAction\",\"target\":[\"https:\/\/argentaseeds.com\/es\/productos\/maiz-dulce\/\"]}]},{\"@type\":\"ImageObject\",\"inLanguage\":\"es\",\"@id\":\"https:\/\/argentaseeds.com\/es\/productos\/maiz-dulce\/#primaryimage\",\"url\":\"https:\/\/argentaseeds.com\/wp-content\/uploads\/Fondilo-500x500.jpg\",\"contentUrl\":\"https:\/\/argentaseeds.com\/wp-content\/uploads\/Fondilo-500x500.jpg\"},{\"@type\":\"BreadcrumbList\",\"@id\":\"https:\/\/argentaseeds.com\/es\/productos\/maiz-dulce\/#breadcrumb\",\"itemListElement\":[{\"@type\":\"ListItem\",\"position\":1,\"name\":\"Portada\",\"item\":\"https:\/\/argentaseeds.com\/es\/\"},{\"@type\":\"ListItem\",\"position\":2,\"name\":\"Productos\",\"item\":\"https:\/\/argentaseeds.com\/es\/productos\/\"},{\"@type\":\"ListItem\",\"position\":3,\"name\":\"Ma\u00edz dulce\"}]},{\"@type\":\"WebSite\",\"@id\":\"https:\/\/argentaseeds.com\/#website\",\"url\":\"https:\/\/argentaseeds.com\/\",\"name\":\"Argenta Seeds\",\"description\":\"\",\"potentialAction\":[{\"@type\":\"SearchAction\",\"target\":{\"@type\":\"EntryPoint\",\"urlTemplate\":\"https:\/\/argentaseeds.com\/?s={search_term_string}\"},\"query-input\":{\"@type\":\"PropertyValueSpecification\",\"valueRequired\":true,\"valueName\":\"search_term_string\"}}],\"inLanguage\":\"es\"}]}<\/script>\n<!-- \/ Yoast SEO plugin. -->","yoast_head_json":{"title":"Ma\u00edz dulce - Argenta Seeds","robots":{"index":"index","follow":"follow","max-snippet":"max-snippet:-1","max-image-preview":"max-image-preview:large","max-video-preview":"max-video-preview:-1"},"canonical":"https:\/\/argentaseeds.com\/es\/productos\/maiz-dulce\/","og_locale":"es_ES","og_type":"article","og_title":"Ma\u00edz dulce - Argenta Seeds","og_description":"PRODUCTOS &#8211; Ma\u00edz dulce Ma\u00edz dulce Fondilo F1 Ma\u00edz dulce Fondilo F1 Fondilo F1 es una variedad de ma\u00edz dulce medianamente temprana. 76 d\u00edas de crecimiento en USA. S\u00faper dulce. Mazorcas largas y bien rellenas. Longitud media de la mazorca: 20-22 cm; Di\u00e1metro medio de la mazorca: 4,5-5 cm. N\u00famero de hileras: 16-18. Resistencias: HR: [&hellip;]","og_url":"https:\/\/argentaseeds.com\/es\/productos\/maiz-dulce\/","og_site_name":"Argenta Seeds","article_modified_time":"2021-08-03T11:46:21+00:00","og_image":[{"url":"https:\/\/argentaseeds.com\/wp-content\/uploads\/Fondilo-500x500.jpg","type":"","width":"","height":""}],"twitter_card":"summary_large_image","schema":{"@context":"https:\/\/schema.org","@graph":[{"@type":"WebPage","@id":"https:\/\/argentaseeds.com\/es\/productos\/maiz-dulce\/","url":"https:\/\/argentaseeds.com\/es\/productos\/maiz-dulce\/","name":"Ma\u00edz dulce - Argenta Seeds","isPartOf":{"@id":"https:\/\/argentaseeds.com\/#website"},"primaryImageOfPage":{"@id":"https:\/\/argentaseeds.com\/es\/productos\/maiz-dulce\/#primaryimage"},"image":{"@id":"https:\/\/argentaseeds.com\/es\/productos\/maiz-dulce\/#primaryimage"},"thumbnailUrl":"https:\/\/argentaseeds.com\/wp-content\/uploads\/Fondilo-500x500.jpg","datePublished":"2021-07-03T17:59:16+00:00","dateModified":"2021-08-03T11:46:21+00:00","breadcrumb":{"@id":"https:\/\/argentaseeds.com\/es\/productos\/maiz-dulce\/#breadcrumb"},"inLanguage":"es","potentialAction":[{"@type":"ReadAction","target":["https:\/\/argentaseeds.com\/es\/productos\/maiz-dulce\/"]}]},{"@type":"ImageObject","inLanguage":"es","@id":"https:\/\/argentaseeds.com\/es\/productos\/maiz-dulce\/#primaryimage","url":"https:\/\/argentaseeds.com\/wp-content\/uploads\/Fondilo-500x500.jpg","contentUrl":"https:\/\/argentaseeds.com\/wp-content\/uploads\/Fondilo-500x500.jpg"},{"@type":"BreadcrumbList","@id":"https:\/\/argentaseeds.com\/es\/productos\/maiz-dulce\/#breadcrumb","itemListElement":[{"@type":"ListItem","position":1,"name":"Portada","item":"https:\/\/argentaseeds.com\/es\/"},{"@type":"ListItem","position":2,"name":"Productos","item":"https:\/\/argentaseeds.com\/es\/productos\/"},{"@type":"ListItem","position":3,"name":"Ma\u00edz dulce"}]},{"@type":"WebSite","@id":"https:\/\/argentaseeds.com\/#website","url":"https:\/\/argentaseeds.com\/","name":"Argenta Seeds","description":"","potentialAction":[{"@type":"SearchAction","target":{"@type":"EntryPoint","urlTemplate":"https:\/\/argentaseeds.com\/?s={search_term_string}"},"query-input":{"@type":"PropertyValueSpecification","valueRequired":true,"valueName":"search_term_string"}}],"inLanguage":"es"}]}},"_links":{"self":[{"href":"https:\/\/argentaseeds.com\/es\/wp-json\/wp\/v2\/pages\/1458","targetHints":{"allow":["GET"]}}],"collection":[{"href":"https:\/\/argentaseeds.com\/es\/wp-json\/wp\/v2\/pages"}],"about":[{"href":"https:\/\/argentaseeds.com\/es\/wp-json\/wp\/v2\/types\/page"}],"author":[{"embeddable":true,"href":"https:\/\/argentaseeds.com\/es\/wp-json\/wp\/v2\/users\/1"}],"replies":[{"embeddable":true,"href":"https:\/\/argentaseeds.com\/es\/wp-json\/wp\/v2\/comments?post=1458"}],"version-history":[{"count":4,"href":"https:\/\/argentaseeds.com\/es\/wp-json\/wp\/v2\/pages\/1458\/revisions"}],"predecessor-version":[{"id":1465,"href":"https:\/\/argentaseeds.com\/es\/wp-json\/wp\/v2\/pages\/1458\/revisions\/1465"}],"up":[{"embeddable":true,"href":"https:\/\/argentaseeds.com\/es\/wp-json\/wp\/v2\/pages\/1348"}],"wp:attachment":[{"href":"https:\/\/argentaseeds.com\/es\/wp-json\/wp\/v2\/media?parent=1458"}],"curies":[{"name":"wp","href":"https:\/\/api.w.org\/{rel}","templated":true}]}}